{"id":8,"date":"2026-02-16T20:17:43","date_gmt":"2026-02-16T20:17:43","guid":{"rendered":"https:\/\/darkslategray-lapwing-202772.hostingersite.com\/por-que-elegirnos\/"},"modified":"2026-02-16T20:17:43","modified_gmt":"2026-02-16T20:17:43","slug":"por-que-elegirnos","status":"publish","type":"page","link":"https:\/\/gescoincr.com\/en\/por-que-elegirnos\/","title":{"rendered":"Por Qu\u00e9 Elegirnos"},"content":{"rendered":"<div data-elementor-type=\"wp-page\" data-elementor-id=\"8\" class=\"elementor elementor-8\">\n\t\t\t\t<div class=\"elementor-element elementor-element-adc4b65 e-grid e-con-boxed e-con e-parent\" data-id=\"adc4b65\" data-element_type=\"container\" data-e-type=\"container\">\n\t\t\t\t\t<div class=\"e-con-inner\">\n\t\t<div class=\"elementor-element elementor-element-7ca7fca e-con-full e-flex e-con e-child\" data-id=\"7ca7fca\" data-element_type=\"container\" data-e-type=\"container\">\n\t\t\t\t<div class=\"elementor-element elementor-element-6ba5277 hostinger-ai-subtitle elementor-widget elementor-widget-heading\" data-id=\"6ba5277\" data-element_type=\"widget\" data-e-type=\"widget\" data-widget_type=\"heading.default\">\n\t\t\t\t\t<h2 class=\"elementor-heading-title elementor-size-default\">Opiniones<\/h2>\t\t\t\t<\/div>\n\t\t\t\t<\/div>\n\t\t<div class=\"elementor-element elementor-element-62f6e4e e-grid e-con-full e-con e-child\" data-id=\"62f6e4e\" data-element_type=\"container\" data-e-type=\"container\">\n\t\t<div class=\"elementor-element elementor-element-f3eb21f e-con-full e-grid e-con e-child\" data-id=\"f3eb21f\" data-element_type=\"container\" data-e-type=\"container\">\n\t\t\t\t<div class=\"elementor-element elementor-element-f76a90c hostinger-ai-testimonial-image hostinger-index-3 elementor-widget elementor-widget-image\" data-id=\"f76a90c\" data-element_type=\"widget\" data-e-type=\"widget\" data-widget_type=\"image.default\">\n\t\t\t\t\t\t\t\t\t\t\t\t\t\t\t<img decoding=\"async\" src=\"https:\/\/gescoincr.com\/wp-content\/themes\/hostinger-ai-theme\/assets\/images\/testimonials\/man-1-400x450-c.jpg\" title=\"\" alt=\"\" loading=\"lazy\" \/>\t\t\t\t\t\t\t\t\t\t\t\t\t\t\t<\/div>\n\t\t\t\t<div class=\"elementor-element elementor-element-e49f0bc hostinger-ai-testimonial-text hostinger-index-1 elementor-widget elementor-widget-text-editor\" data-id=\"e49f0bc\" data-element_type=\"widget\" data-e-type=\"widget\" data-widget_type=\"text-editor.default\">\n\t\t\t\t\t\t\t\t\tGracias a Gesco Inc, mi propiedad siempre est\u00e1 impecable y bien gestionada.\t\t\t\t\t\t\t\t<\/div>\n\t\t\t\t<\/div>\n\t\t<div class=\"elementor-element elementor-element-dda0659 e-con-full e-grid e-con e-child\" data-id=\"dda0659\" data-element_type=\"container\" data-e-type=\"container\">\n\t\t\t\t<div class=\"elementor-element elementor-element-79b24c8 hostinger-ai-hostinger-ai-testimonial-image hostinger-index-4 elementor-widget elementor-widget-image\" data-id=\"79b24c8\" data-element_type=\"widget\" data-e-type=\"widget\" data-widget_type=\"image.default\">\n\t\t\t\t\t\t\t\t\t\t\t\t\t\t\t<img decoding=\"async\" src=\"https:\/\/hostinger-wp-blocks.com\/wp-content\/uploads\/2024\/08\/photo-1573515159471-0eb7ec72912c.avif\" title=\"\" alt=\"\" loading=\"lazy\" \/>\t\t\t\t\t\t\t\t\t\t\t\t\t\t\t<\/div>\n\t\t\t\t<div class=\"elementor-element elementor-element-2606f90 hostinger-ai-testimonial-text elementor-widget elementor-widget-text-editor\" data-id=\"2606f90\" data-element_type=\"widget\" data-e-type=\"widget\" data-widget_type=\"text-editor.default\">\n\t\t\t\t\t\t\t\t\tSu asesor\u00eda financiera ha sido clave para el crecimiento de mi negocio local.\t\t\t\t\t\t\t\t<\/div>\n\t\t\t\t<\/div>\n\t\t\t\t<\/div>\n\t\t\t\t\t<\/div>\n\t\t\t\t<\/div>\n\t\t<div class=\"elementor-element elementor-element-425a1bf e-flex e-con-boxed e-con e-parent\" data-id=\"425a1bf\" data-element_type=\"container\" data-e-type=\"container\" data-settings=\"{&quot;background_background&quot;:&quot;classic&quot;}\">\n\t\t\t\t\t<div class=\"e-con-inner\">\n\t\t<div class=\"elementor-element elementor-element-8eb3a11 e-con-full e-flex e-con e-child\" data-id=\"8eb3a11\" data-element_type=\"container\" data-e-type=\"container\">\n\t\t\t\t<div class=\"elementor-element elementor-element-2516ff0 hostinger-ai-title elementor-widget elementor-widget-heading\" data-id=\"2516ff0\" data-element_type=\"widget\" data-e-type=\"widget\" data-widget_type=\"heading.default\">\n\t\t\t\t\t<h2 class=\"elementor-heading-title elementor-size-default\">Cont\u00e1ctanos<\/h2>\t\t\t\t<\/div>\n\t\t\t\t<div class=\"elementor-element elementor-element-bb2189c elementor-widget__width-initial hostinger-ai-description elementor-widget elementor-widget-text-editor\" data-id=\"bb2189c\" data-element_type=\"widget\" data-e-type=\"widget\" data-widget_type=\"text-editor.default\">\n\t\t\t\t\t\t\t\t\tEstamos listos para ayudarte a gestionar tus propiedades y negocios con profesionalismo.\t\t\t\t\t\t\t\t<\/div>\n\t\t\t\t<div class=\"elementor-element elementor-element-c0f4a8e hostinger-ai-cta-button hostinger-index-0 elementor-widget elementor-widget-button\" data-id=\"c0f4a8e\" data-element_type=\"widget\" data-e-type=\"widget\" data-widget_type=\"button.default\">\n\t\t\t\t\t\t\t\t\t\t<a class=\"elementor-button elementor-button-link elementor-size-sm\" href=\"https:\/\/darkslategray-lapwing-202772.hostingersite.com\/inicio\/\">\n\t\t\t\t\t\t<span class=\"elementor-button-content-wrapper\">\n\t\t\t\t\t\t\t\t\t<span class=\"elementor-button-text\">Enviar<\/span>\n\t\t\t\t\t<\/span>\n\t\t\t\t\t<\/a>\n\t\t\t\t\t\t\t\t<\/div>\n\t\t\t\t<\/div>\n\t\t\t\t\t<\/div>\n\t\t\t\t<\/div>\n\t\t<div class=\"elementor-element elementor-element-4ef2f1e e-flex e-con-boxed e-con e-parent\" data-id=\"4ef2f1e\" data-element_type=\"container\" data-e-type=\"container\">\n\t\t\t\t\t<div class=\"e-con-inner\">\n\t\t<div class=\"elementor-element elementor-element-eef7939 e-con-full e-grid e-con e-child\" data-id=\"eef7939\" data-element_type=\"container\" data-e-type=\"container\">\n\t\t<div class=\"elementor-element elementor-element-798d898 e-con-full e-flex e-con e-child\" data-id=\"798d898\" data-element_type=\"container\" data-e-type=\"container\">\n\t\t\t\t<div class=\"elementor-element elementor-element-0705e13 hostinger-ai-project-title elementor-widget elementor-widget-heading\" data-id=\"0705e13\" data-element_type=\"widget\" data-e-type=\"widget\" data-widget_type=\"heading.default\">\n\t\t\t\t\t<h2 class=\"elementor-heading-title elementor-size-default\">Gesti\u00f3n Integral<\/h2>\t\t\t\t<\/div>\n\t\t\t\t<div class=\"elementor-element elementor-element-fff6b10 hostinger-ai-project-description elementor-widget elementor-widget-text-editor\" data-id=\"fff6b10\" data-element_type=\"widget\" data-e-type=\"widget\" data-widget_type=\"text-editor.default\">\n\t\t\t\t\t\t\t\t\tCoordinamos cada detalle de la administraci\u00f3n inmobiliaria para que su propiedad siempre est\u00e9 en \u00f3ptimas condiciones y rentabilidad.\t\t\t\t\t\t\t\t<\/div>\n\t\t\t\t<\/div>\n\t\t<div class=\"elementor-element elementor-element-5bb715f e-con-full project-item-content project-item-content e-flex e-con e-child\" data-id=\"5bb715f\" data-element_type=\"container\" data-e-type=\"container\">\n\t\t\t\t<div class=\"elementor-element elementor-element-e5a900a hostinger-ai-project-image hostinger-index-3 elementor-widget elementor-widget-image\" data-id=\"e5a900a\" data-element_type=\"widget\" data-e-type=\"widget\" data-widget_type=\"image.default\">\n\t\t\t\t\t\t\t\t\t\t\t\t\t\t\t<img decoding=\"async\" src=\"https:\/\/images.unsplash.com\/photo-1561577141-0e0557513126?q=85&#038;w=584&#038;h=438&#038;fit=crop\" title=\"\" alt=\"A tall, rectangular signpost displays the address 750 Town &amp; Country Blvd and lists several company logos including Microsoft, Argus Software, Altus Group, MISA, Mercantil Commercebank, Southcross Energy, and Moody Rambin. The signpost is set against a modern office building with large windows and tiling on the ground.\" loading=\"lazy\" \/>\t\t\t\t\t\t\t\t\t\t\t\t\t\t\t<\/div>\n\t\t\t\t<\/div>\n\t\t\t\t<\/div>\n\t\t<div class=\"elementor-element elementor-element-fe56660 e-con-full e-grid e-con e-child\" data-id=\"fe56660\" data-element_type=\"container\" data-e-type=\"container\">\n\t\t<div class=\"elementor-element elementor-element-bad6f72 e-con-full e-flex e-con e-child\" data-id=\"bad6f72\" data-element_type=\"container\" data-e-type=\"container\">\n\t\t\t\t<div class=\"elementor-element elementor-element-a5807fd hostinger-ai-project-title hostinger-index-1 elementor-widget elementor-widget-heading\" data-id=\"a5807fd\" data-element_type=\"widget\" data-e-type=\"widget\" data-widget_type=\"heading.default\">\n\t\t\t\t\t<h2 class=\"elementor-heading-title elementor-size-default\">Consultor\u00eda Experta<\/h2>\t\t\t\t<\/div>\n\t\t\t\t<div class=\"elementor-element elementor-element-f4a957d hostinger-ai-project-description hostinger-index-1 elementor-widget elementor-widget-text-editor\" data-id=\"f4a957d\" data-element_type=\"widget\" data-e-type=\"widget\" data-widget_type=\"text-editor.default\">\n\t\t\t\t\t\t\t\t\tApoyamos a pymes con estrategias financieras y comerciales que impulsan su crecimiento y mejoran su gesti\u00f3n diaria.\t\t\t\t\t\t\t\t<\/div>\n\t\t\t\t<\/div>\n\t\t<div class=\"elementor-element elementor-element-d880cfb e-con-full project-item-content project-item-content e-flex e-con e-child\" data-id=\"d880cfb\" data-element_type=\"container\" data-e-type=\"container\">\n\t\t\t\t<div class=\"elementor-element elementor-element-f4fe49a hostinger-ai-project-image hostinger-index-4 elementor-widget elementor-widget-image\" data-id=\"f4fe49a\" data-element_type=\"widget\" data-e-type=\"widget\" data-widget_type=\"image.default\">\n\t\t\t\t\t\t\t\t\t\t\t\t\t\t\t<img decoding=\"async\" src=\"https:\/\/images.unsplash.com\/photo-1685219789185-15f3fab44379?q=85&#038;w=584&#038;h=438&#038;fit=crop\" title=\"\" alt=\"A view of the upper floors of a light-colored building with multiple windows and ornate architectural details. A red and white &#039;For Sale&#039; sign with contact information is visible on the building&#039;s facade. The building is surrounded by greenery, and there are overhead utility lines. The sky above is partly cloudy with patches of blue.\" loading=\"lazy\" \/>\t\t\t\t\t\t\t\t\t\t\t\t\t\t\t<\/div>\n\t\t\t\t<\/div>\n\t\t\t\t<\/div>\n\t\t<div class=\"elementor-element elementor-element-3de336d e-con-full e-grid e-con e-child\" data-id=\"3de336d\" data-element_type=\"container\" data-e-type=\"container\">\n\t\t<div class=\"elementor-element elementor-element-ec4e441 e-con-full e-flex e-con e-child\" data-id=\"ec4e441\" data-element_type=\"container\" data-e-type=\"container\">\n\t\t\t\t<div class=\"elementor-element elementor-element-7b20efd hostinger-ai-project-title hostinger-index-2 elementor-widget elementor-widget-heading\" data-id=\"7b20efd\" data-element_type=\"widget\" data-e-type=\"widget\" data-widget_type=\"heading.default\">\n\t\t\t\t\t<h2 class=\"elementor-heading-title elementor-size-default\">Soporte Completo<\/h2>\t\t\t\t<\/div>\n\t\t\t\t<div class=\"elementor-element elementor-element-1e001f1 hostinger-ai-project-description hostinger-index-2 elementor-widget elementor-widget-text-editor\" data-id=\"1e001f1\" data-element_type=\"widget\" data-e-type=\"widget\" data-widget_type=\"text-editor.default\">\n\t\t\t\t\t\t\t\t\tOfrecemos soluciones integrales, desde asesor\u00eda legal hasta coordinaci\u00f3n t\u00e9cnica, para facilitar la gesti\u00f3n de sus activos.\t\t\t\t\t\t\t\t<\/div>\n\t\t\t\t<\/div>\n\t\t<div class=\"elementor-element elementor-element-9b476ca e-con-full project-item-content project-item-content e-flex e-con e-child\" data-id=\"9b476ca\" data-element_type=\"container\" data-e-type=\"container\">\n\t\t\t\t<div class=\"elementor-element elementor-element-7b79f9b hostinger-ai-project-image hostinger-index-5 elementor-widget elementor-widget-image\" data-id=\"7b79f9b\" data-element_type=\"widget\" data-e-type=\"widget\" data-widget_type=\"image.default\">\n\t\t\t\t\t\t\t\t\t\t\t\t\t\t\t<img decoding=\"async\" src=\"https:\/\/images.unsplash.com\/photo-1657162060398-2fec01f08ac0?q=85&#038;w=584&#038;h=438&#038;fit=crop\" title=\"\" alt=\"A modern multi-story office building with a facade featuring large glass windows and concrete panels. In the foreground, there are several palm trees and a few parked cars along a street. The sky is clear and blue, and the grass on the lawn is vibrant and well-maintained.\" loading=\"lazy\" \/>\t\t\t\t\t\t\t\t\t\t\t\t\t\t\t<\/div>\n\t\t\t\t<\/div>\n\t\t\t\t<\/div>\n\t\t\t\t\t<\/div>\n\t\t\t\t<\/div>\n\t\t\t\t<\/div>","protected":false},"excerpt":{"rendered":"","protected":false},"author":1,"featured_media":0,"parent":0,"menu_order":0,"comment_status":"closed","ping_status":"closed","template":"","meta":{"footnotes":""},"class_list":["post-8","page","type-page","status-publish","hentry"],"_hostinger_reach_plugin_has_subscription_block":false,"_hostinger_reach_plugin_is_elementor":false,"_links":{"self":[{"href":"https:\/\/gescoincr.com\/en\/wp-json\/wp\/v2\/pages\/8","targetHints":{"allow":["GET"]}}],"collection":[{"href":"https:\/\/gescoincr.com\/en\/wp-json\/wp\/v2\/pages"}],"about":[{"href":"https:\/\/gescoincr.com\/en\/wp-json\/wp\/v2\/types\/page"}],"author":[{"embeddable":true,"href":"https:\/\/gescoincr.com\/en\/wp-json\/wp\/v2\/users\/1"}],"replies":[{"embeddable":true,"href":"https:\/\/gescoincr.com\/en\/wp-json\/wp\/v2\/comments?post=8"}],"version-history":[{"count":0,"href":"https:\/\/gescoincr.com\/en\/wp-json\/wp\/v2\/pages\/8\/revisions"}],"wp:attachment":[{"href":"https:\/\/gescoincr.com\/en\/wp-json\/wp\/v2\/media?parent=8"}],"curies":[{"name":"wp","href":"https:\/\/api.w.org\/{rel}","templated":true}]}}